{"id":19,"date":"2022-01-26T01:21:47","date_gmt":"2022-01-26T01:21:47","guid":{"rendered":"https:\/\/vellesarchitects.com\/?page_id=19"},"modified":"2022-03-14T11:29:02","modified_gmt":"2022-03-14T11:29:02","slug":"publications","status":"publish","type":"page","link":"https:\/\/www.vellesarchitects.com\/en\/publications\/","title":{"rendered":"Publications"},"content":{"rendered":"<ul>\n<li><a href=\"https:\/\/www.vellesarchitects.com\/wp-content\/uploads\/2022\/02\/Article-Blanca-Velles.pdf\" target=\"_blank\" rel=\"noopener\">RESILIENCE AND SELF-RELIANCE IN THE ARCHITECTURE\u2019S M\u00c9TIER (Blanca Velles)<\/a><\/li>\n<li><a href=\"https:\/\/oa.upm.es\/5873\/1\/LIB_72_VEL_CAP.pdf\" target=\"_blank\" rel=\"noopener\">Javier Vell\u00e9s Ant\u00f3n Gonz\u00e1lez-Capitel Mart\u00ednez, Javier Vell\u00e9s Montoya Madrid : TF, 1995. ISBN 84-89162-27-1<\/a><\/li>\n<li><a href=\"https:\/\/www.coaa.es\/key\/actualidad\/conferencia-de-javier-velles-montoya-y-exposicion-50100-milagrosaoiza_3673_2_6899_0_1_in.html\" target=\"_blank\" rel=\"noopener\">O\u00edza, de Javier Vell\u00e9s Andr\u00e9s Mart\u00ednez Medina [i2] : Innovaci\u00f3n e Investigaci\u00f3n en Arquitectura y Territorio, ISSN-e 2341-0515, Vol. 8, N\u00ba. 1, 2020, p\u00e1gs. 84-85<\/a><\/li>\n<li><a href=\"https:\/\/www.coaa.es\/key\/actualidad\/conferencia-de-javier-velles-montoya-y-exposicion-50100-milagrosaoiza_3673_2_6899_0_1_in.html\" target=\"_blank\" rel=\"noopener\">Es rese\u00f1a de: O\u00edza Javier Vell\u00e9s Montoya Universidad de Castilla-La Mancha, Escuela Universitaria de Magisterio de Toledo, 2018. ISBN 978-84-945274-7-0<\/a><\/li>\n<li>Javier Vell\u00e9s. O\u00edza\n<ul>\n<li><a href=\"https:\/\/issuu.com\/eat2010\/docs\/12.06.2018___o_za_issu_red_1\" target=\"_blank\" rel=\"noopener\">Primera parte Introducci\u00f3n a la primera parte: Rafael Moneo. Pr\u00f3logo: Ant\u00f3n Capitel<\/a><\/li>\n<li><a href=\"https:\/\/issuu.com\/eat2010\/docs\/04.03.2018___o_za_issu_red_2\" target=\"_blank\" rel=\"noopener\">Segunda parte. Introducci\u00f3n a la segunda parte: Juan Ignacio Mera): Escuela de Arquitectura de Toledo EAT (Universidad de Castilla La Mancha), Toledo, 2015, 288 pp. Espa\u00f1ol<\/a><\/li>\n<\/ul>\n<\/li>\n<li><a href=\"https:\/\/docplayer.es\/66485134-Restauracion-de-las-cuevas-del-conventico-en-melilla.html\" target=\"_blank\" rel=\"noopener\">Restauraci\u00f3n de las Cuevas del Conventico en Melilla Vell\u00e9s Arquitectos Loggia: Arquitectura y restauraci\u00f3n<\/a>, ISSN-e 1136-758X, N\u00ba. 2, 997, p\u00e1gs. 50-57<\/li>\n<li><a href=\"https:\/\/www.coam.org\/es\/fundacion\/biblioteca\/revista-arquitectura-100-anios\/etapa-1977-1980\/revista-arquitectura-n225-Julio-Agosto-1980\" target=\"_blank\" rel=\"noopener\">A la b\u00fasqueda del tipo perdido: Proyecto de 760 viviendas en Orcasitas<\/a> (Madrid), 1977 :Luis Mapelli, Jos\u00e9 Luis Romany Aranda, Javier Vega, Jos\u00e9 Luis de Miguel Rodr\u00edguez, Alfonso Vald\u00e9s, Javier Vell\u00e9s Alfonso Valdes Arquitectura: Revista del Colegio Oficial de Arquitectos de Madrid ( COAM ), ISSN 0004-2706, N\u00ba. 225, 1980, p\u00e1gs. 12-19<\/li>\n<li><a href=\"https:\/\/www.coam.org\/media\/Default%20Files\/fundacion\/biblioteca\/revista-arquitectura-100\/1981-1986\/docs\/revista-articulos\/revista-arquitectura-1986-n258-pag20-22.pdf\" target=\"_blank\" rel=\"noopener\">Proyecto de remodelaci\u00f3n de la glorieta de San Antonio de la Florida: parque lineal del Manzanares :Javier Vell\u00e9s<\/a>. Colaboradores: Mar\u00eda Casariego C\u00f3rdoba y Fabriciano Posada arquitectos), Juan Moreno (aparejador), Tom\u00e1s Gozalo (estudiante) Arquitectura: Revista del Colegio Oficial de Arquitectos de Madrid ( COAM ), ISSN 0004-2706, N\u00ba. 258, 1986, p\u00e1gs. 20-22 (1993).<\/li>\n<li><a href=\"https:\/\/www.todocoleccion.net\/libros-segunda-mano-arquitectura\/da-revista-balear-darquitectura-numero-3-ano-1989~x205359485\" target=\"_blank\" rel=\"noopener\">Passeig maritim del Molinar Javier Vell\u00e9s Montoya D&#8217;A: revista balear d&#8217;arquitectura<\/a>, ISSN 1130-3794, N\u00ba 3, 1989, p\u00e1gs. 12-25<\/li>\n<li>El hermano arbol Javier Vell\u00e9s Montoya D&#8217;A: revista balear d&#8217;arquitectura, ISSN 1130-3794, N\u00ba 8, 1991, p\u00e1gs. 6-20<\/li>\n<li>El Teatro Javier Vell\u00e9s Montoya Cat\u00e1logos de Arquitectura, ISSN 1138-2430, N\u00ba. 0, 1996, p\u00e1gs. 30-31<\/li>\n<li>El trazado del teatro en la ciudad cl\u00e1sica Javier Vell\u00e9s Montoya Tesis doctoral dirigida por Manuel de las Casas G\u00f3mez (dir. tes.). Universidad de Castilla-La Mancha (2012).<\/li>\n<li>Restauraci\u00f3n de la muralla de la isla de Tabarca en Alicante Javier Vell\u00e9s Montoya Arquitectura: Revista del Colegio Oficial de Arquitectos de Madrid ( COAM ), ISSN 0004-2706, N\u00ba. 230, 1981, p\u00e1gs. 35-41<\/li>\n<li>Parque arqueol\u00f3gico de Cartagena Javier Vell\u00e9s Montoya Cat\u00e1logos de Arquitectura, ISSN 1138-2430, N\u00ba. 0, 996, p\u00e1gs. 28-29<\/li>\n<li>Casa G\u00f3mez en Durana. Vitoris, Alava, 1956 Javier Vell\u00e9s Montoya Maet: Magac\u00edn arquitectura de la Escuela de Toledo, ISSN 2340-1567, N\u00ba. 3, 2015, p\u00e1gs. 103-106<\/li>\n<li><a href=\"https:\/\/ruidera.uclm.es\/xmlui\/handle\/10578\/13571\/browse?rpp=20&amp;etal=-1&amp;sort_by=1&amp;type=title&amp;starts_with=S&amp;order=ASC\" target=\"_blank\" rel=\"noopener\">La torre de C\u00e1diz Javier Vell\u00e9s Montoya Maet: Magac\u00edn arquitectura de la Escuela de Toledo, ISSN 2340-1567, N\u00ba. 3, 2015, p\u00e1gs. 107-110<\/a><\/li>\n<li><a href=\"https:\/\/www.melilla.es\/melillaportal\/RecursosWeb\/DOCUMENTOS\/1\/0_13111_1.pdf\" target=\"_blank\" rel=\"noopener\">Las Cuevas del Conventico. Obras de restauraci\u00f3n: Rec\u00f3ndito lugar del Mediterr\u00e1neo Javier Vell\u00e9s Montoya Akros: Revista de Patrimonio, ISSN 1579-0959, N\u00ba. 10, 2011, p\u00e1gs. 71-77<\/a><\/li>\n<li>Melilla la bien guardada: notas y dibujos para la restauraci\u00f3n de sus murallas (1988-1997) Javier Vell\u00e9s Montoya<\/li>\n<li>Textos romanos con escena de tres exedras Javier Vell\u00e9s Montoya Cat\u00e1logos de Arquitectura, ISSN 1138-2430, N\u00ba. 10, 2002, p\u00e1gs. 32-51<\/li>\n<li>Apartando estorbos Javier Vell\u00e9s Montoya Pasajes de arquitectura y cr\u00edtica, ISSN 1575-1937, N\u00ba 53, 2004, p\u00e1g. 28<\/li>\n<li>Feria de Muestras Javier Vell\u00e9s Montoya NA: nueva arquitectura con arcilla cocida, ISSN 1135-3384, N\u00ba 11, 2000, p\u00e1g. 54<\/li>\n<li><a href=\"https:\/\/dialnet.unirioja.es\/servlet\/articulo?codigo=4735114\" target=\"_blank\" rel=\"noopener\">La arquitectura historicista de los militares: Dos obras ecl\u00e9cticas en Melilla Javier Vell\u00e9s Montoya. Akros: Revista de Patrimonio, ISSN 1579-0959, N\u00ba. 9, 2010, p\u00e1gs. 69-74<\/a><\/li>\n<li>Centro Suratl\u00e1ntico de Tecnolog\u00eda, C\u00e1diz Javier Vell\u00e9s Montoya, Ram\u00f3n Gonz\u00e1lez de la Pe\u00f1a<\/li>\n<li><a href=\"https:\/\/dialnet.unirioja.es\/servlet\/autor?codigo=1979247\" target=\"_blank\" rel=\"noopener\">Pasajes de arquitectura y cr\u00edtica, ISSN 1575-1937, N\u00ba 23, 2001, p\u00e1g. 18<\/a><\/li>\n<li>Restauraci\u00f3n de la cruj\u00eda Este del castillo de Puebla de Sanabria Javier Vell\u00e9s Montoya Basa, ISSN 0213-0653, N\u00ba. 12, 1990 (Ejemplar dedicado a: Renovar la arquitectura del pasado 1), p\u00e1gs. 54-63<\/li>\n<li>Modificaci\u00f3n del cerramiento de la finca Vista Alegre Javier Vell\u00e9s Montoya Basa, ISSN 0213-0653, N\u00ba. 12, 1990 (Ejemplar dedicado a: Renovar la arquitectura del pasado 1), p\u00e1gs. 64-65<\/li>\n<li>Remodelaci\u00f3n de la Glorieta de San Antonio de la Florida Javier Vell\u00e9s Montoya Basa, ISSN 0213-0653, N\u00ba. 12, 1990 (Ejemplar dedicado a: Renovar la arquitectura del pasado 1), p\u00e1gs. 66-67<\/li>\n<li>Rehabilitaci\u00f3n del Teatro Principal de Zamora Javier Vell\u00e9s Montoya Basa, ISSN 0213-0653, N\u00ba. 12, 1990 (Ejemplar dedicado a: Renovar la arquitectura del pasado 1), p\u00e1gs. 46-53<\/li>\n<li>La muralla de las Cruces en Melilla: Las cuevas del Conventico Javier Vell\u00e9s Montoya Arquitectura: Revista del Colegio Oficial de Arquitectos de Madrid ( COAM ), ISSN 0004-2706, N\u00ba. 333, 2003, p\u00e1gs. 76-91<\/li>\n<li>Realizaciones O.S.H.: Modulos mixtos de formaci\u00f3n profesional industrial y formaci\u00f3n profesional acelerada Jos\u00e9 Manuel L\u00f3pez-Pel\u00e1ez Morales, Javier Vell\u00e9s Montoya Hogar y arquitectura: revista bimestral de la obra sindical del hogar, ISSN 0018-3237, N\u00ba 122, 1977, p\u00e1g. 14<\/li>\n<li>El &#8220;Vaurien&#8221; de la Mancha Javier Vell\u00e9s Montoya, Juan Marqu\u00e9s Mera, Joaqu\u00edn Vargas Jare\u00f1o Maet: Magac\u00edn arquitectura de la Escuela de Toledo, ISSN 2340-1567, N\u00ba. 7, 2019, p\u00e1gs. 61-64<\/li>\n<li>La fortaleza de Melilla: trazado y obras en la \u00e9poca de Carlos V Mar\u00eda Concepci\u00f3n Porras Gil Bolet\u00edn del Seminario de Estudios de Arte y Arqueolog\u00eda: BSAA, ISSN 0210-9573, Tomo 68, 2002, p\u00e1gs. 149-168<\/li>\n<li>Cuando la arquitectura quiso ser dibujo Teresa Larumbe Mach\u00edn, Mariano G. Presencio cpa : cuadernos de proyectos arquitect\u00f3nicos, ISSN 2174-1131, N\u00ba. 8, 2018 (Ejemplar dedicado a: Arquitectura y representaci\u00f3n), p\u00e1gs. 8-23<\/li>\n<li>Cuaderno de Nueva Tabarca. Dibujo, Proyecto y obra de la restauraci\u00f3n de las murallas de la ciudadela. Andr\u00e9s Mart\u00ednez Medina, San Vicente del Raspeig : Publicaciones de la Universidad de Alicante, 2021<\/li>\n<li>Oppidum prerromano de San Marti\u00f1o de Ladr\u00f3ns: nova Machega Francisco Xavier Fern\u00e1ndez Nogueira Glaucopis: Bolet\u00edn del Instituto de Estudios Vigueses, ISSN 2254-9749, N\u00ba. 18, 2013, p\u00e1gs. 9-22<\/li>\n<li>Javier Vell\u00e9s y Francisco Somoza en el convento de clarisas de Zamora Carlos D&#8217;Ors F\u00fchrer Ars sacra: Revista de patrimonio cultural, archivos, artes pl\u00e1sticas, arquitectura, museos y m\u00fasica, ISSN 1136-5234, N\u00ba. 4-5, 1998, p\u00e1gs. 158-163<\/li>\n<li>Museo de Picasso en Buitrago de Lozoya, [Madrid]: Mar\u00eda Casariego C\u00f3rdoba, Javier Vell\u00e9s, Santiago Vitores, Juan Moreno Mar\u00eda Casariego, Javier Vell\u00e9s Montoya Arquitectura: Revista del Colegio Oficial de Arquitectos de Madrid ( COAM ), ISSN 0004-2706, N\u00ba. 255, 1985, p\u00e1gs. 88-89<\/li>\n<\/ul>\n","protected":false},"excerpt":{"rendered":"<p>RESILIENCE AND SELF-RELIANCE IN THE ARCHITECTURE\u2019S M\u00c9TIER (Blanca Velles) Javier Vell\u00e9s Ant\u00f3n Gonz\u00e1lez-Capitel Mart\u00ednez, Javier Vell\u00e9s Montoya Madrid : TF, 1995. ISBN 84-89162-27-1 O\u00edza, de Javier Vell\u00e9s Andr\u00e9s Mart\u00ednez Medina&hellip;<\/p>\n","protected":false},"author":1,"featured_media":161,"parent":0,"menu_order":0,"comment_status":"closed","ping_status":"closed","template":"","meta":{"footnotes":""},"class_list":["post-19","page","type-page","status-publish","has-post-thumbnail","hentry"],"yoast_head":"<!-- This site is optimized with the Yoast SEO plugin v27.4 - https:\/\/yoast.com\/product\/yoast-seo-wordpress\/ -->\n<title>Publications - VELL\u00c9S @RCHITECTS<\/title>\n<meta name=\"robots\" content=\"index, follow, max-snippet:-1, max-image-preview:large, max-video-preview:-1\" \/>\n<link rel=\"canonical\" href=\"https:\/\/www.vellesarchitects.com\/en\/publications\/\" \/>\n<meta property=\"og:locale\" content=\"en_US\" \/>\n<meta property=\"og:type\" content=\"article\" \/>\n<meta property=\"og:title\" content=\"Publications - VELL\u00c9S @RCHITECTS\" \/>\n<meta property=\"og:description\" content=\"RESILIENCE AND SELF-RELIANCE IN THE ARCHITECTURE\u2019S M\u00c9TIER (Blanca Velles) Javier Vell\u00e9s Ant\u00f3n Gonz\u00e1lez-Capitel Mart\u00ednez, Javier Vell\u00e9s Montoya Madrid : TF, 1995. ISBN 84-89162-27-1 O\u00edza, de Javier Vell\u00e9s Andr\u00e9s Mart\u00ednez Medina&hellip;\" \/>\n<meta property=\"og:url\" content=\"https:\/\/www.vellesarchitects.com\/en\/publications\/\" \/>\n<meta property=\"og:site_name\" content=\"VELL\u00c9S @RCHITECTS\" \/>\n<meta property=\"article:modified_time\" content=\"2022-03-14T11:29:02+00:00\" \/>\n<meta property=\"og:image\" content=\"https:\/\/www.vellesarchitects.com\/wp-content\/uploads\/2022\/02\/pic-home-min.jpg\" \/>\n\t<meta property=\"og:image:width\" content=\"1920\" \/>\n\t<meta property=\"og:image:height\" content=\"500\" \/>\n\t<meta property=\"og:image:type\" content=\"image\/jpeg\" \/>\n<meta name=\"twitter:card\" content=\"summary_large_image\" \/>\n<meta name=\"twitter:label1\" content=\"Est. reading time\" \/>\n\t<meta name=\"twitter:data1\" content=\"5 minutes\" \/>\n<script type=\"application\/ld+json\" class=\"yoast-schema-graph\">{\"@context\":\"https:\\\/\\\/schema.org\",\"@graph\":[{\"@type\":\"WebPage\",\"@id\":\"https:\\\/\\\/www.vellesarchitects.com\\\/publications\\\/\",\"url\":\"https:\\\/\\\/www.vellesarchitects.com\\\/publications\\\/\",\"name\":\"Publications - VELL\u00c9S @RCHITECTS\",\"isPartOf\":{\"@id\":\"https:\\\/\\\/www.vellesarchitects.com\\\/#website\"},\"primaryImageOfPage\":{\"@id\":\"https:\\\/\\\/www.vellesarchitects.com\\\/publications\\\/#primaryimage\"},\"image\":{\"@id\":\"https:\\\/\\\/www.vellesarchitects.com\\\/publications\\\/#primaryimage\"},\"thumbnailUrl\":\"https:\\\/\\\/www.vellesarchitects.com\\\/wp-content\\\/uploads\\\/2022\\\/02\\\/pic-home-min.jpg\",\"datePublished\":\"2022-01-26T01:21:47+00:00\",\"dateModified\":\"2022-03-14T11:29:02+00:00\",\"inLanguage\":\"en-US\",\"potentialAction\":[{\"@type\":\"ReadAction\",\"target\":[\"https:\\\/\\\/www.vellesarchitects.com\\\/publications\\\/\"]}]},{\"@type\":\"ImageObject\",\"inLanguage\":\"en-US\",\"@id\":\"https:\\\/\\\/www.vellesarchitects.com\\\/publications\\\/#primaryimage\",\"url\":\"https:\\\/\\\/www.vellesarchitects.com\\\/wp-content\\\/uploads\\\/2022\\\/02\\\/pic-home-min.jpg\",\"contentUrl\":\"https:\\\/\\\/www.vellesarchitects.com\\\/wp-content\\\/uploads\\\/2022\\\/02\\\/pic-home-min.jpg\",\"width\":1920,\"height\":500},{\"@type\":\"WebSite\",\"@id\":\"https:\\\/\\\/www.vellesarchitects.com\\\/#website\",\"url\":\"https:\\\/\\\/www.vellesarchitects.com\\\/\",\"name\":\"VELL\u00c9S @RCHITECTS\",\"description\":\"Architecture Studio\",\"publisher\":{\"@id\":\"https:\\\/\\\/www.vellesarchitects.com\\\/#organization\"},\"potentialAction\":[{\"@type\":\"SearchAction\",\"target\":{\"@type\":\"EntryPoint\",\"urlTemplate\":\"https:\\\/\\\/www.vellesarchitects.com\\\/?s={search_term_string}\"},\"query-input\":{\"@type\":\"PropertyValueSpecification\",\"valueRequired\":true,\"valueName\":\"search_term_string\"}}],\"inLanguage\":\"en-US\"},{\"@type\":\"Organization\",\"@id\":\"https:\\\/\\\/www.vellesarchitects.com\\\/#organization\",\"name\":\"Velles Architects\",\"url\":\"https:\\\/\\\/www.vellesarchitects.com\\\/\",\"logo\":{\"@type\":\"ImageObject\",\"inLanguage\":\"en-US\",\"@id\":\"https:\\\/\\\/www.vellesarchitects.com\\\/#\\\/schema\\\/logo\\\/image\\\/\",\"url\":\"https:\\\/\\\/www.vellesarchitects.com\\\/wp-content\\\/uploads\\\/2022\\\/01\\\/logo.png\",\"contentUrl\":\"https:\\\/\\\/www.vellesarchitects.com\\\/wp-content\\\/uploads\\\/2022\\\/01\\\/logo.png\",\"width\":138,\"height\":124,\"caption\":\"Velles Architects\"},\"image\":{\"@id\":\"https:\\\/\\\/www.vellesarchitects.com\\\/#\\\/schema\\\/logo\\\/image\\\/\"}}]}<\/script>\n<!-- \/ Yoast SEO plugin. -->","yoast_head_json":{"title":"Publications - VELL\u00c9S @RCHITECTS","robots":{"index":"index","follow":"follow","max-snippet":"max-snippet:-1","max-image-preview":"max-image-preview:large","max-video-preview":"max-video-preview:-1"},"canonical":"https:\/\/www.vellesarchitects.com\/en\/publications\/","og_locale":"en_US","og_type":"article","og_title":"Publications - VELL\u00c9S @RCHITECTS","og_description":"RESILIENCE AND SELF-RELIANCE IN THE ARCHITECTURE\u2019S M\u00c9TIER (Blanca Velles) Javier Vell\u00e9s Ant\u00f3n Gonz\u00e1lez-Capitel Mart\u00ednez, Javier Vell\u00e9s Montoya Madrid : TF, 1995. ISBN 84-89162-27-1 O\u00edza, de Javier Vell\u00e9s Andr\u00e9s Mart\u00ednez Medina&hellip;","og_url":"https:\/\/www.vellesarchitects.com\/en\/publications\/","og_site_name":"VELL\u00c9S @RCHITECTS","article_modified_time":"2022-03-14T11:29:02+00:00","og_image":[{"width":1920,"height":500,"url":"https:\/\/www.vellesarchitects.com\/wp-content\/uploads\/2022\/02\/pic-home-min.jpg","type":"image\/jpeg"}],"twitter_card":"summary_large_image","twitter_misc":{"Est. reading time":"5 minutes"},"schema":{"@context":"https:\/\/schema.org","@graph":[{"@type":"WebPage","@id":"https:\/\/www.vellesarchitects.com\/publications\/","url":"https:\/\/www.vellesarchitects.com\/publications\/","name":"Publications - VELL\u00c9S @RCHITECTS","isPartOf":{"@id":"https:\/\/www.vellesarchitects.com\/#website"},"primaryImageOfPage":{"@id":"https:\/\/www.vellesarchitects.com\/publications\/#primaryimage"},"image":{"@id":"https:\/\/www.vellesarchitects.com\/publications\/#primaryimage"},"thumbnailUrl":"https:\/\/www.vellesarchitects.com\/wp-content\/uploads\/2022\/02\/pic-home-min.jpg","datePublished":"2022-01-26T01:21:47+00:00","dateModified":"2022-03-14T11:29:02+00:00","inLanguage":"en-US","potentialAction":[{"@type":"ReadAction","target":["https:\/\/www.vellesarchitects.com\/publications\/"]}]},{"@type":"ImageObject","inLanguage":"en-US","@id":"https:\/\/www.vellesarchitects.com\/publications\/#primaryimage","url":"https:\/\/www.vellesarchitects.com\/wp-content\/uploads\/2022\/02\/pic-home-min.jpg","contentUrl":"https:\/\/www.vellesarchitects.com\/wp-content\/uploads\/2022\/02\/pic-home-min.jpg","width":1920,"height":500},{"@type":"WebSite","@id":"https:\/\/www.vellesarchitects.com\/#website","url":"https:\/\/www.vellesarchitects.com\/","name":"VELL\u00c9S @RCHITECTS","description":"Architecture Studio","publisher":{"@id":"https:\/\/www.vellesarchitects.com\/#organization"},"potentialAction":[{"@type":"SearchAction","target":{"@type":"EntryPoint","urlTemplate":"https:\/\/www.vellesarchitects.com\/?s={search_term_string}"},"query-input":{"@type":"PropertyValueSpecification","valueRequired":true,"valueName":"search_term_string"}}],"inLanguage":"en-US"},{"@type":"Organization","@id":"https:\/\/www.vellesarchitects.com\/#organization","name":"Velles Architects","url":"https:\/\/www.vellesarchitects.com\/","logo":{"@type":"ImageObject","inLanguage":"en-US","@id":"https:\/\/www.vellesarchitects.com\/#\/schema\/logo\/image\/","url":"https:\/\/www.vellesarchitects.com\/wp-content\/uploads\/2022\/01\/logo.png","contentUrl":"https:\/\/www.vellesarchitects.com\/wp-content\/uploads\/2022\/01\/logo.png","width":138,"height":124,"caption":"Velles Architects"},"image":{"@id":"https:\/\/www.vellesarchitects.com\/#\/schema\/logo\/image\/"}}]}},"_links":{"self":[{"href":"https:\/\/www.vellesarchitects.com\/en\/wp-json\/wp\/v2\/pages\/19","targetHints":{"allow":["GET"]}}],"collection":[{"href":"https:\/\/www.vellesarchitects.com\/en\/wp-json\/wp\/v2\/pages"}],"about":[{"href":"https:\/\/www.vellesarchitects.com\/en\/wp-json\/wp\/v2\/types\/page"}],"author":[{"embeddable":true,"href":"https:\/\/www.vellesarchitects.com\/en\/wp-json\/wp\/v2\/users\/1"}],"replies":[{"embeddable":true,"href":"https:\/\/www.vellesarchitects.com\/en\/wp-json\/wp\/v2\/comments?post=19"}],"version-history":[{"count":5,"href":"https:\/\/www.vellesarchitects.com\/en\/wp-json\/wp\/v2\/pages\/19\/revisions"}],"predecessor-version":[{"id":235,"href":"https:\/\/www.vellesarchitects.com\/en\/wp-json\/wp\/v2\/pages\/19\/revisions\/235"}],"wp:featuredmedia":[{"embeddable":true,"href":"https:\/\/www.vellesarchitects.com\/en\/wp-json\/wp\/v2\/media\/161"}],"wp:attachment":[{"href":"https:\/\/www.vellesarchitects.com\/en\/wp-json\/wp\/v2\/media?parent=19"}],"curies":[{"name":"wp","href":"https:\/\/api.w.org\/{rel}","templated":true}]}}